{"id":136,"date":"2025-03-19T14:31:31","date_gmt":"2025-03-19T17:31:31","guid":{"rendered":"http:\/\/localhost\/FAA\/?page_id=136"},"modified":"2025-11-07T15:31:35","modified_gmt":"2025-11-07T18:31:35","slug":"institucional","status":"publish","type":"page","link":"https:\/\/faa.com.ar\/index.php\/institucional\/","title":{"rendered":""},"content":{"rendered":"\n<div class=\"wp-block-group alignfull is-layout-flow wp-block-group-is-layout-flow\" style=\"margin-top:0;margin-bottom:0;padding-top:var(--wp--preset--spacing--50);padding-right:var(--wp--preset--spacing--50);padding-bottom:var(--wp--preset--spacing--50);padding-left:var(--wp--preset--spacing--50)\">\n<div class=\"wp-block-columns alignwide are-vertically-aligned-center is-layout-flex wp-container-core-columns-is-layout-47c06fe3 wp-block-columns-is-layout-flex\">\n<div class=\"wp-block-column is-vertically-aligned-center is-layout-flow wp-block-column-is-layout-flow\" style=\"flex-basis:50%\">\n<h2 class=\"wp-block-heading has-text-align-center has-base-2-color has-text-color has-link-color has-large-font-size wp-elements-b2da3091cd55ed2c754cf7e973894db6\">La g\u00e9nesis de la Federaci\u00f3n Agraria Argentina  <\/h2>\n<\/div>\n\n\n\n<div class=\"wp-block-column is-vertically-aligned-center is-layout-flow wp-block-column-is-layout-flow\" style=\"flex-basis:90%\">\n<div class=\"wp-block-columns is-layout-flex wp-container-core-columns-is-layout-28f84493 wp-block-columns-is-layout-flex\">\n<div class=\"wp-block-column is-layout-flow wp-block-column-is-layout-flow\" style=\"flex-basis:100%\">\n<figure class=\"wp-block-image size-full is-style-rounded is-style-rounded--1\"><img loading=\"lazy\" decoding=\"async\" width=\"800\" height=\"450\" src=\"https:\/\/faa.com.ar\/wp-content\/uploads\/2025\/03\/1-FAA.jpg\" alt=\"\" class=\"wp-image-225\" srcset=\"https:\/\/faa.com.ar\/wp-content\/uploads\/2025\/03\/1-FAA.jpg 800w, https:\/\/faa.com.ar\/wp-content\/uploads\/2025\/03\/1-FAA-300x169.jpg 300w, https:\/\/faa.com.ar\/wp-content\/uploads\/2025\/03\/1-FAA-768x432.jpg 768w, https:\/\/faa.com.ar\/wp-content\/uploads\/2025\/03\/1-FAA-200x113.jpg 200w\" sizes=\"auto, (max-width: 800px) 100vw, 800px\" \/><\/figure>\n<\/div>\n<\/div>\n<\/div>\n<\/div>\n\n\n\n<p class=\"has-large-font-size\"><strong>A principios del siglo XX, Argentina experimentaba un auge agroexportador, pero las condiciones para los peque\u00f1os productores eran precarias. Los arrendatarios y peque\u00f1os propietarios enfrentaban problemas como altos costos de arrendamiento, falta de acceso al cr\u00e9dito y precios injustos para sus productos. Este contexto gener\u00f3 un creciente descontento entre los productores, especialmente en la regi\u00f3n pampeana. El Grito de Alcorta El 25 de Junio de 1912, en la localidad santafecina de Alcorta, comienza a dar su primeros pasos que desembocar\u00edan en el acontecimiento m\u00e1s trascendente y memorable gestado por los arrendatarios: la primer Huelga Agraria Argentina, que afecto el coraz\u00f3n de la pampa gringa. Los protagonistas, aquellos sufridos colonos que desde distintos pueblos circundantes se mov\u00edan en las sombras para evitar las represalias de los terratenientes. All\u00ed y entonces comenz\u00f3 a amanecer para los agricultores esa posibilidad de un destino mejor. A pocas semanas de iniciado, el movimiento tomaba forma institucional y por determinaci\u00f3n de sus protagonistas, el 15 de agosto de 1912 se constitu\u00eda en Rosario la Federaci\u00f3n Agraria Argentina. Los productores se unieron para reclamar mejores condiciones de arrendamiento y precios justos. La huelga se extendi\u00f3 r\u00e1pidamente por la regi\u00f3n, demostrando la fuerza y la necesidad de una organizaci\u00f3n que representara los intereses de los peque\u00f1os productores. Fundaci\u00f3n de la FAA: Como resultado del &#8220;Grito de Alcorta&#8221;, el 15 de agosto de 1912 se fund\u00f3 la Federaci\u00f3n Agraria Argentina en Rosario, Santa Fe. Surgi\u00f3 como una herramienta para defender los derechos de los productores y mejorar sus condiciones de vida y trabajo. Caracter\u00edsticas y objetivos: La FAA es una organizaci\u00f3n democr\u00e1tica y federal, con filiales en todo el pa\u00eds.<\/strong><\/p>\n<\/div>\n\n\n\n<p><\/p>\n","protected":false},"excerpt":{"rendered":"<p>La g\u00e9nesis de la Federaci\u00f3n Agraria Argentina A principios del siglo XX, Argentina experimentaba un auge agroexportador, pero las condiciones para los peque\u00f1os productores eran precarias. Los arrendatarios y peque\u00f1os propietarios enfrentaban problemas como altos costos de arrendamiento, falta de acceso al cr\u00e9dito y precios injustos para sus productos. Este contexto gener\u00f3 un creciente descontento [&hellip;]<\/p>\n","protected":false},"author":1,"featured_media":0,"parent":0,"menu_order":0,"comment_status":"closed","ping_status":"closed","template":"","meta":{"footnotes":""},"class_list":["post-136","page","type-page","status-publish","hentry"],"_links":{"self":[{"href":"https:\/\/faa.com.ar\/index.php\/wp-json\/wp\/v2\/pages\/136","targetHints":{"allow":["GET"]}}],"collection":[{"href":"https:\/\/faa.com.ar\/index.php\/wp-json\/wp\/v2\/pages"}],"about":[{"href":"https:\/\/faa.com.ar\/index.php\/wp-json\/wp\/v2\/types\/page"}],"author":[{"embeddable":true,"href":"https:\/\/faa.com.ar\/index.php\/wp-json\/wp\/v2\/users\/1"}],"replies":[{"embeddable":true,"href":"https:\/\/faa.com.ar\/index.php\/wp-json\/wp\/v2\/comments?post=136"}],"version-history":[{"count":8,"href":"https:\/\/faa.com.ar\/index.php\/wp-json\/wp\/v2\/pages\/136\/revisions"}],"predecessor-version":[{"id":336,"href":"https:\/\/faa.com.ar\/index.php\/wp-json\/wp\/v2\/pages\/136\/revisions\/336"}],"wp:attachment":[{"href":"https:\/\/faa.com.ar\/index.php\/wp-json\/wp\/v2\/media?parent=136"}],"curies":[{"name":"wp","href":"https:\/\/api.w.org\/{rel}","templated":true}]}}