{"id":36,"date":"2025-03-19T09:54:32","date_gmt":"2025-03-19T12:54:32","guid":{"rendered":"http:\/\/localhost\/FAA\/?page_id=36"},"modified":"2025-11-11T12:25:25","modified_gmt":"2025-11-11T15:25:25","slug":"inicio","status":"publish","type":"page","link":"https:\/\/faa.com.ar\/","title":{"rendered":""},"content":{"rendered":"<div class=\"n2_clear\"><ss3-force-full-width data-overflow-x=\"body\" data-horizontal-selector=\"body\"><div class=\"n2-section-smartslider fitvidsignore  n2_clear\" data-ssid=\"2\"><div id=\"n2-ss-2-align\" class=\"n2-ss-align\"><div class=\"n2-padding\"><div id=\"n2-ss-2\" data-creator=\"Smart Slider 3\" data-responsive=\"fullwidth\" class=\"n2-ss-slider n2-ow n2-has-hover n2notransition  \"><div class=\"n2-ss-slider-wrapper-inside\">\n        <div class=\"n2-ss-slider-1 n2_ss__touch_element n2-ow\">\n            <div class=\"n2-ss-slider-2 n2-ow\">\n                                                <div class=\"n2-ss-slider-3 n2-ow\">\n\n                    <div class=\"n2-ss-slide-backgrounds n2-ow-all\"><div class=\"n2-ss-slide-background\" data-public-id=\"1\" data-mode=\"fill\"><div class=\"n2-ss-slide-background-image\" data-blur=\"0\" data-opacity=\"100\" data-x=\"50\" data-y=\"50\" data-alt=\"\" data-title=\"\"><picture class=\"skip-lazy\" data-skip-lazy=\"1\"><img decoding=\"async\" src=\"\/\/faa.com.ar\/wp-content\/uploads\/2025\/11\/FAAslide1.png\" alt=\"\" title=\"\" loading=\"lazy\" class=\"skip-lazy\" data-skip-lazy=\"1\"><\/picture><\/div><div data-color=\"RGBA(255,255,255,0)\" style=\"background-color: RGBA(255,255,255,0);\" class=\"n2-ss-slide-background-color\"><\/div><\/div><div class=\"n2-ss-slide-background\" data-public-id=\"2\" data-mode=\"fill\" aria-hidden=\"true\"><div class=\"n2-ss-slide-background-image\" data-blur=\"0\" data-opacity=\"100\" data-x=\"50\" data-y=\"50\" data-alt=\"\" data-title=\"\"><picture class=\"skip-lazy\" data-skip-lazy=\"1\"><img decoding=\"async\" src=\"\/\/faa.com.ar\/wp-content\/uploads\/2025\/03\/LABORES2-scaled.jpg\" alt=\"\" title=\"\" loading=\"lazy\" class=\"skip-lazy\" data-skip-lazy=\"1\"><\/picture><\/div><div data-color=\"RGBA(255,255,255,0)\" style=\"background-color: RGBA(255,255,255,0);\" class=\"n2-ss-slide-background-color\"><\/div><\/div><div class=\"n2-ss-slide-background\" data-public-id=\"3\" data-mode=\"fill\" aria-hidden=\"true\"><div class=\"n2-ss-slide-background-image\" data-blur=\"0\" data-opacity=\"100\" data-x=\"50\" data-y=\"50\" data-alt=\"\" data-title=\"\"><picture class=\"skip-lazy\" data-skip-lazy=\"1\"><img decoding=\"async\" src=\"\/\/faa.com.ar\/wp-content\/uploads\/2025\/03\/LABORES-scaled.jpg\" alt=\"\" title=\"\" loading=\"lazy\" class=\"skip-lazy\" data-skip-lazy=\"1\"><\/picture><\/div><div data-color=\"RGBA(255,255,255,0)\" style=\"background-color: RGBA(255,255,255,0);\" class=\"n2-ss-slide-background-color\"><\/div><\/div><div class=\"n2-ss-slide-background\" data-public-id=\"4\" data-mode=\"fill\" aria-hidden=\"true\"><div class=\"n2-ss-slide-background-image\" data-blur=\"0\" data-opacity=\"100\" data-x=\"50\" data-y=\"50\" data-alt=\"\" data-title=\"\"><picture class=\"skip-lazy\" data-skip-lazy=\"1\"><img decoding=\"async\" src=\"\/\/faa.com.ar\/wp-content\/uploads\/2025\/11\/sorgo.png\" alt=\"\" title=\"\" loading=\"lazy\" class=\"skip-lazy\" data-skip-lazy=\"1\"><\/picture><\/div><div data-color=\"RGBA(255,255,255,0)\" style=\"background-color: RGBA(255,255,255,0);\" class=\"n2-ss-slide-background-color\"><\/div><\/div><div class=\"n2-ss-slide-background\" data-public-id=\"5\" data-mode=\"fill\" aria-hidden=\"true\"><div class=\"n2-ss-slide-background-image\" data-blur=\"0\" data-opacity=\"100\" data-x=\"50\" data-y=\"50\" data-alt=\"\" data-title=\"\"><picture class=\"skip-lazy\" data-skip-lazy=\"1\"><img decoding=\"async\" src=\"\/\/faa.com.ar\/wp-content\/uploads\/2025\/03\/OVINA.jpg\" alt=\"\" title=\"\" loading=\"lazy\" class=\"skip-lazy\" data-skip-lazy=\"1\"><\/picture><\/div><div data-color=\"RGBA(255,255,255,0)\" style=\"background-color: RGBA(255,255,255,0);\" class=\"n2-ss-slide-background-color\"><\/div><\/div><\/div>                    <div class=\"n2-ss-slider-4 n2-ow\">\n                        <svg xmlns=\"http:\/\/www.w3.org\/2000\/svg\" viewBox=\"0 0 1200 600\" data-related-device=\"desktopPortrait\" class=\"n2-ow n2-ss-preserve-size n2-ss-preserve-size--slider n2-ss-slide-limiter\"><\/svg><div data-first=\"1\" data-slide-duration=\"0\" data-id=\"8\" data-slide-public-id=\"1\" data-title=\"06 Mayo, acto Pi\u00f1ero\" class=\"n2-ss-slide n2-ow  n2-ss-slide-8\"><div role=\"note\" class=\"n2-ss-slide--focus\" tabindex=\"-1\">06 Mayo, acto Pi\u00f1ero<\/div><div class=\"n2-ss-layers-container n2-ss-slide-limiter n2-ow\"><div class=\"n2-ss-layer n2-ow n-uc-yfaFoy7lxXiP\" data-sstype=\"slide\" data-pm=\"default\"><div class=\"n2-ss-layer n2-ow n-uc-c32DXLaCeipM\" data-pm=\"default\" data-sstype=\"content\" data-hasbackground=\"0\"><div class=\"n2-ss-section-main-content n2-ss-layer-with-background n2-ss-layer-content n2-ow n-uc-c32DXLaCeipM-inner\"><div class=\"n2-ss-layer n2-ow n-uc-2Dq6twxNsKAE\" data-pm=\"normal\" data-sstype=\"layer\"><div class=\"n2-ss-item-content n2-ss-text n2-ow-all\"><div class=\"\"><\/div><\/div><\/div><div class=\"n2-ss-layer n2-ow n-uc-joFdkrPv83y7\" data-pm=\"normal\" data-sstype=\"layer\"><div class=\"n2-ss-item-content n2-ss-text n2-ow-all\"><div class=\"\"><p class=\"n2-font-d26777258fd33da522d6071717ab1f4e-paragraph   \"><b>&#8220;recuperando lo mejor de nuestra historia, hacia un camino transformador&#8221;<\/b><i><\/i><\/p>\n<\/div><\/div><\/div><\/div><\/div><\/div><\/div><\/div><div data-slide-duration=\"0\" data-id=\"6\" data-slide-public-id=\"2\" aria-hidden=\"true\" data-title=\"LABORES2\" class=\"n2-ss-slide n2-ow  n2-ss-slide-6\"><div role=\"note\" class=\"n2-ss-slide--focus\" tabindex=\"-1\">LABORES2<\/div><div class=\"n2-ss-layers-container n2-ss-slide-limiter n2-ow\"><div class=\"n2-ss-layer n2-ow n-uc-Ui0DuhaiXFKa\" data-sstype=\"slide\" data-pm=\"default\"><div class=\"n2-ss-layer n2-ow n-uc-BlwculAQquGc\" data-pm=\"default\" data-sstype=\"content\" data-hasbackground=\"0\"><div class=\"n2-ss-section-main-content n2-ss-layer-with-background n2-ss-layer-content n2-ow n-uc-BlwculAQquGc-inner\"><div class=\"n2-ss-layer n2-ow n-uc-hL9B8p1SAG5v\" data-pm=\"normal\" data-sstype=\"layer\"><div class=\"n2-ss-item-content n2-ss-text n2-ow-all\"><div class=\"\"><\/div><\/div><\/div><\/div><\/div><\/div><\/div><\/div><div data-slide-duration=\"0\" data-id=\"7\" data-slide-public-id=\"3\" aria-hidden=\"true\" data-title=\"LABORES\" class=\"n2-ss-slide n2-ow  n2-ss-slide-7\"><div role=\"note\" class=\"n2-ss-slide--focus\" tabindex=\"-1\">LABORES<\/div><div class=\"n2-ss-layers-container n2-ss-slide-limiter n2-ow\"><div class=\"n2-ss-layer n2-ow n-uc-DIMcR5L8N5jO\" data-sstype=\"slide\" data-pm=\"default\"><\/div><\/div><\/div><div data-slide-duration=\"0\" data-id=\"3\" data-slide-public-id=\"4\" aria-hidden=\"true\" data-title=\"SORGO\" class=\"n2-ss-slide n2-ow  n2-ss-slide-3\"><div role=\"note\" class=\"n2-ss-slide--focus\" tabindex=\"-1\">SORGO<\/div><div class=\"n2-ss-layers-container n2-ss-slide-limiter n2-ow\"><div class=\"n2-ss-layer n2-ow n-uc-j1PGdtjjFFbn\" data-sstype=\"slide\" data-pm=\"default\"><\/div><\/div><\/div><div data-slide-duration=\"0\" data-id=\"4\" data-slide-public-id=\"5\" aria-hidden=\"true\" data-title=\"OVINA\" class=\"n2-ss-slide n2-ow  n2-ss-slide-4\"><div role=\"note\" class=\"n2-ss-slide--focus\" tabindex=\"-1\">OVINA<\/div><div class=\"n2-ss-layers-container n2-ss-slide-limiter n2-ow\"><div class=\"n2-ss-layer n2-ow n-uc-HcUp8kmLKsxQ\" data-sstype=\"slide\" data-pm=\"default\"><\/div><\/div><\/div>                    <\/div>\n\n                                    <\/div>\n            <\/div>\n        <\/div>\n        <div class=\"n2-ss-slider-controls n2-ss-slider-controls-absolute-left-center\"><div style=\"--widget-offset:15px;\" class=\"n2-ss-widget nextend-arrow n2-ow-all nextend-arrow-previous  nextend-arrow-animated-fade\" data-hide-mobileportrait=\"1\" id=\"n2-ss-2-arrow-previous\" role=\"button\" aria-label=\"previous arrow\" tabindex=\"0\"><img loading=\"lazy\" decoding=\"async\" width=\"32\" height=\"32\" class=\"skip-lazy\" data-skip-lazy=\"1\" src=\"data:image\/svg+xml;base64,PHN2ZyB3aWR0aD0iMzIiIGhlaWdodD0iMzIiIHZpZXdCb3g9IjAgMCAzMiAzMiIgeG1sbnM9Imh0dHA6Ly93d3cudzMub3JnLzIwMDAvc3ZnIj4KICAgIDxwYXRoIGQ9Ik0xMS40MzMgMTUuOTkyTDIyLjY5IDUuNzEyYy4zOTMtLjM5LjM5My0xLjAzIDAtMS40Mi0uMzkzLS4zOS0xLjAzLS4zOS0xLjQyMyAwbC0xMS45OCAxMC45NGMtLjIxLjIxLS4zLjQ5LS4yODUuNzYtLjAxNS4yOC4wNzUuNTYuMjg0Ljc3bDExLjk4IDEwLjk0Yy4zOTMuMzkgMS4wMy4zOSAxLjQyNCAwIC4zOTMtLjQuMzkzLTEuMDMgMC0xLjQybC0xMS4yNTctMTAuMjkiCiAgICAgICAgICBmaWxsPSIjZmZmZmZmIiBvcGFjaXR5PSIwLjgiIGZpbGwtcnVsZT0iZXZlbm9kZCIvPgo8L3N2Zz4=\" alt=\"previous arrow\"><\/div><\/div><div class=\"n2-ss-slider-controls n2-ss-slider-controls-absolute-right-center\"><div style=\"--widget-offset:15px;\" class=\"n2-ss-widget nextend-arrow n2-ow-all nextend-arrow-next  nextend-arrow-animated-fade\" data-hide-mobileportrait=\"1\" id=\"n2-ss-2-arrow-next\" role=\"button\" aria-label=\"next arrow\" tabindex=\"0\"><img loading=\"lazy\" decoding=\"async\" width=\"32\" height=\"32\" class=\"skip-lazy\" data-skip-lazy=\"1\" src=\"data:image\/svg+xml;base64,PHN2ZyB3aWR0aD0iMzIiIGhlaWdodD0iMzIiIHZpZXdCb3g9IjAgMCAzMiAzMiIgeG1sbnM9Imh0dHA6Ly93d3cudzMub3JnLzIwMDAvc3ZnIj4KICAgIDxwYXRoIGQ9Ik0xMC43MjIgNC4yOTNjLS4zOTQtLjM5LTEuMDMyLS4zOS0xLjQyNyAwLS4zOTMuMzktLjM5MyAxLjAzIDAgMS40MmwxMS4yODMgMTAuMjgtMTEuMjgzIDEwLjI5Yy0uMzkzLjM5LS4zOTMgMS4wMiAwIDEuNDIuMzk1LjM5IDEuMDMzLjM5IDEuNDI3IDBsMTIuMDA3LTEwLjk0Yy4yMS0uMjEuMy0uNDkuMjg0LS43Ny4wMTQtLjI3LS4wNzYtLjU1LS4yODYtLjc2TDEwLjcyIDQuMjkzeiIKICAgICAgICAgIGZpbGw9IiNmZmZmZmYiIG9wYWNpdHk9IjAuOCIgZmlsbC1ydWxlPSJldmVub2RkIi8+Cjwvc3ZnPg==\" alt=\"next arrow\"><\/div><\/div><\/div><\/div><ss3-loader><\/ss3-loader><\/div><\/div><div class=\"n2_clear\"><\/div><\/div><\/ss3-force-full-width><\/div>\n\n\n<div class=\"wp-block-group alignfull has-global-padding is-layout-constrained wp-container-core-group-is-layout-490fa1db wp-block-group-is-layout-constrained\" style=\"padding-top:var(--wp--preset--spacing--50);padding-right:var(--wp--preset--spacing--50);padding-bottom:var(--wp--preset--spacing--50);padding-left:var(--wp--preset--spacing--50)\">\n<div class=\"wp-block-group has-global-padding is-layout-constrained wp-container-core-group-is-layout-650790e1 wp-block-group-is-layout-constrained\">\n<h1 class=\"wp-block-heading has-text-align-center has-x-large-font-size\"><mark style=\"background-color:rgba(0, 0, 0, 0)\" class=\"has-inline-color has-base-2-color\">Federaci\u00f3n Agraria Argentina<\/mark><\/h1>\n\n\n\n<div style=\"height:1.25rem\" aria-hidden=\"true\" class=\"wp-block-spacer\"><\/div>\n\n\n\n<p class=\"has-text-align-center\">La Federaci\u00f3n Agraria Argentina es una entidad privada, de car\u00e1cter gremial y de servicios que por libre determinaci\u00f3n nuclea a peque\u00f1os y medianos productores. Su origen fue una declaraci\u00f3n de huelga de Arrendatarios y Aparceros que tuvo lugar en 1912 y que la historia recogi\u00f3 como \u201cGrito de Alcorta\u201d.<\/p>\n\n\n\n<div style=\"height:57px\" aria-hidden=\"true\" class=\"wp-block-spacer\"><\/div>\n\n\n\n<h2 class=\"wp-block-heading has-text-align-center has-base-2-color has-text-color has-link-color wp-elements-33c29f132e5ac313b8e9c4a6ac680ef4\"><strong>DISTRITOS<\/strong><\/h2>\n\n\n\n<p><strong>La Federaci\u00f3n Agraria tiene una organizaci\u00f3n interna en la que divide el pa\u00eds en 16 distritos. Est\u00e1 dirigida por un cuerpo de directores, el Consejo Directivo Central, que se elige en el Congreso Anual Ordinario.<\/strong><\/p>\n<\/div>\n\n\n\n<figure class=\"wp-block-image size-large\"><img loading=\"lazy\" decoding=\"async\" width=\"470\" height=\"1024\" src=\"https:\/\/faa.com.ar\/wp-content\/uploads\/2025\/03\/MAPA-470x1024.png\" alt=\"\" class=\"wp-image-162\" srcset=\"https:\/\/faa.com.ar\/wp-content\/uploads\/2025\/03\/MAPA-470x1024.png 470w, https:\/\/faa.com.ar\/wp-content\/uploads\/2025\/03\/MAPA-138x300.png 138w, https:\/\/faa.com.ar\/wp-content\/uploads\/2025\/03\/MAPA-768x1674.png 768w, https:\/\/faa.com.ar\/wp-content\/uploads\/2025\/03\/MAPA-705x1536.png 705w, https:\/\/faa.com.ar\/wp-content\/uploads\/2025\/03\/MAPA-940x2048.png 940w, https:\/\/faa.com.ar\/wp-content\/uploads\/2025\/03\/MAPA-200x436.png 200w\" sizes=\"auto, (max-width: 470px) 100vw, 470px\" \/><\/figure>\n<\/div>\n\n\n\n<div class=\"wp-block-group alignfull has-global-padding is-layout-constrained wp-container-core-group-is-layout-d89aad35 wp-block-group-is-layout-constrained\" style=\"margin-top:0;margin-bottom:0;padding-top:var(--wp--preset--spacing--50);padding-right:var(--wp--preset--spacing--50);padding-bottom:var(--wp--preset--spacing--50);padding-left:var(--wp--preset--spacing--50)\">\n<div class=\"wp-block-group alignwide has-global-padding is-layout-constrained wp-container-core-group-is-layout-19e250f3 wp-block-group-is-layout-constrained\">\n<div class=\"wp-block-group is-vertical is-content-justification-center is-layout-flex wp-container-core-group-is-layout-6329a8f3 wp-block-group-is-layout-flex\">\n<h2 class=\"wp-block-heading has-text-align-center is-style-asterisk has-base-2-color has-text-color has-link-color wp-elements-7524b18e37b81c3760786767e5d5c882\"><strong>MAS DE 100 A\u00d1OS DE HISTORIA<\/strong><\/h2>\n\n\n\n<p class=\"has-text-align-left has-large-font-size\"><em><strong>&#8220;El pa\u00eds se recuperar\u00e1 con el campo, nunca sin el campo y menos a\u00fan contra el campo&#8221;<\/strong><\/em><\/p>\n\n\n\n<p>                                                                                                   Humberto Volando<\/p>\n<\/div>\n\n\n\n<div style=\"height:var(--wp--preset--spacing--40)\" aria-hidden=\"true\" class=\"wp-block-spacer\"><\/div>\n\n\n\n<div class=\"wp-block-columns alignwide is-layout-flex wp-container-core-columns-is-layout-d1c656ed wp-block-columns-is-layout-flex\">\n<div class=\"wp-block-column is-vertically-aligned-center is-layout-flow wp-block-column-is-layout-flow\" style=\"flex-basis:40%\">\n<h3 class=\"wp-block-heading is-style-asterisk has-base-2-color has-text-color has-link-color wp-elements-43e6f75102b46cfa916e6db9eb74cdc2\">Primera huelga del campo, Alcorta 1912<\/h3>\n<\/div>\n\n\n\n<div class=\"wp-block-column is-layout-flow wp-block-column-is-layout-flow\" style=\"flex-basis:50%\">\n<figure class=\"wp-block-image size-full is-style-rounded is-style-rounded--1\"><img loading=\"lazy\" decoding=\"async\" width=\"800\" height=\"450\" src=\"https:\/\/faa.com.ar\/wp-content\/uploads\/2025\/03\/1-FAA.jpg\" alt=\"\" class=\"wp-image-225\" srcset=\"https:\/\/faa.com.ar\/wp-content\/uploads\/2025\/03\/1-FAA.jpg 800w, https:\/\/faa.com.ar\/wp-content\/uploads\/2025\/03\/1-FAA-300x169.jpg 300w, https:\/\/faa.com.ar\/wp-content\/uploads\/2025\/03\/1-FAA-768x432.jpg 768w, https:\/\/faa.com.ar\/wp-content\/uploads\/2025\/03\/1-FAA-200x113.jpg 200w\" sizes=\"auto, (max-width: 800px) 100vw, 800px\" \/><\/figure>\n<\/div>\n<\/div>\n\n\n\n<div style=\"height:var(--wp--preset--spacing--40)\" aria-hidden=\"true\" class=\"wp-block-spacer\"><\/div>\n\n\n\n<div class=\"wp-block-columns alignwide is-layout-flex wp-container-core-columns-is-layout-d1c656ed wp-block-columns-is-layout-flex\">\n<div class=\"wp-block-column is-layout-flow wp-block-column-is-layout-flow\" style=\"flex-basis:50%\">\n<figure class=\"wp-block-image size-large is-style-rounded is-style-rounded--2\"><img loading=\"lazy\" decoding=\"async\" width=\"1024\" height=\"495\" src=\"https:\/\/faa.com.ar\/wp-content\/uploads\/2025\/03\/20250321_104210-1024x495.jpg\" alt=\"\" class=\"wp-image-232\" srcset=\"https:\/\/faa.com.ar\/wp-content\/uploads\/2025\/03\/20250321_104210-1024x495.jpg 1024w, https:\/\/faa.com.ar\/wp-content\/uploads\/2025\/03\/20250321_104210-300x145.jpg 300w, https:\/\/faa.com.ar\/wp-content\/uploads\/2025\/03\/20250321_104210-768x371.jpg 768w, https:\/\/faa.com.ar\/wp-content\/uploads\/2025\/03\/20250321_104210-1536x742.jpg 1536w, https:\/\/faa.com.ar\/wp-content\/uploads\/2025\/03\/20250321_104210-2048x990.jpg 2048w, https:\/\/faa.com.ar\/wp-content\/uploads\/2025\/03\/20250321_104210-200x97.jpg 200w\" sizes=\"auto, (max-width: 1024px) 100vw, 1024px\" \/><\/figure>\n<\/div>\n\n\n\n<div class=\"wp-block-column is-vertically-aligned-center is-layout-flow wp-block-column-is-layout-flow\" style=\"flex-basis:40%\">\n<h3 class=\"wp-block-heading is-style-asterisk has-base-2-color has-text-color has-link-color wp-elements-2923f9ef28c134aa2597d46f7980f1dd\">Marcha por el desarrollo rural y los pueblos del interior, Plaza de Mayo, Buenos Aires 2007<\/h3>\n\n\n\n<div style=\"height:var(--wp--preset--spacing--40)\" aria-hidden=\"true\" class=\"wp-block-spacer\"><\/div>\n<\/div>\n<\/div>\n\n\n\n<div class=\"wp-block-columns alignwide is-layout-flex wp-container-core-columns-is-layout-d1c656ed wp-block-columns-is-layout-flex\">\n<div class=\"wp-block-column is-vertically-aligned-center is-layout-flow wp-block-column-is-layout-flow\" style=\"flex-basis:40%\">\n<h3 class=\"wp-block-heading is-style-asterisk has-base-2-color has-text-color has-link-color wp-elements-7e4ec4b357e50178dc892ec191d9e32e\">Marcha del campo, Monumento a la Bandera, Rosario 2008, luego del &#8220;NO&#8221; positivo por la resoluci\u00f3n 125\u00ba<\/h3>\n<\/div>\n\n\n\n<div class=\"wp-block-column is-layout-flow wp-block-column-is-layout-flow\" style=\"flex-basis:50%\">\n<figure class=\"wp-block-image size-large is-style-rounded is-style-rounded--3\"><img loading=\"lazy\" decoding=\"async\" width=\"1024\" height=\"629\" src=\"https:\/\/faa.com.ar\/wp-content\/uploads\/2025\/03\/Monumento-FAA-5-1024x629.jpg\" alt=\"\" class=\"wp-image-221\" srcset=\"https:\/\/faa.com.ar\/wp-content\/uploads\/2025\/03\/Monumento-FAA-5-1024x629.jpg 1024w, https:\/\/faa.com.ar\/wp-content\/uploads\/2025\/03\/Monumento-FAA-5-300x184.jpg 300w, https:\/\/faa.com.ar\/wp-content\/uploads\/2025\/03\/Monumento-FAA-5-768x472.jpg 768w, https:\/\/faa.com.ar\/wp-content\/uploads\/2025\/03\/Monumento-FAA-5-1536x944.jpg 1536w, https:\/\/faa.com.ar\/wp-content\/uploads\/2025\/03\/Monumento-FAA-5-2048x1258.jpg 2048w, https:\/\/faa.com.ar\/wp-content\/uploads\/2025\/03\/Monumento-FAA-5-200x123.jpg 200w\" sizes=\"auto, (max-width: 1024px) 100vw, 1024px\" \/><\/figure>\n<\/div>\n<\/div>\n<\/div>\n<\/div>\n\n\n\n<div class=\"wp-block-group alignfull has-base-color has-contrast-background-color has-text-color has-background has-global-padding is-layout-constrained wp-container-core-group-is-layout-ef3d885c wp-block-group-is-layout-constrained\" style=\"margin-top:0;margin-bottom:0;padding-top:var(--wp--preset--spacing--60);padding-right:var(--wp--preset--spacing--60);padding-bottom:var(--wp--preset--spacing--60);padding-left:var(--wp--preset--spacing--60)\">\n<div class=\"wp-block-group has-global-padding is-layout-constrained wp-block-group-is-layout-constrained\">\n<p class=\"has-text-align-center has-base-color has-text-color has-heading-font-family has-x-large-font-size\" style=\"line-height:1.2\"><em>\u201cSomos la expresi\u00f3n de la diversidad del campo, con la firme convicci\u00f3n del rol protag\u00f3nico que debemos cumplir hacia un modelo agropecuario inclusivo, con desarrollo de nuestros productores, sus familias y nuestros pueblos.<br>Redoblemos el esfuerzo y el compromiso, para seguir transitando juntos el camino hacia una Federaci\u00f3n Agraria con mucha presencia estrat\u00e9gica, con la fuerza y la ilusi\u00f3n de renovar los sue\u00f1os y las esperanzas de cada federado\u201d.<\/em><\/p>\n\n\n\n<div style=\"height:var(--wp--preset--spacing--10)\" aria-hidden=\"true\" class=\"wp-block-spacer\"><\/div>\n\n\n\n<div class=\"wp-block-group is-vertical is-content-justification-center is-nowrap is-layout-flex wp-container-core-group-is-layout-2dc08cea wp-block-group-is-layout-flex\">\n<figure class=\"wp-block-image aligncenter size-thumbnail is-resized has-custom-border\"><img loading=\"lazy\" decoding=\"async\" width=\"150\" height=\"150\" src=\"https:\/\/faa.com.ar\/wp-content\/uploads\/2025\/03\/Andrea-frase-150x150.png\" alt=\"\" class=\"wp-image-228\" style=\"border-radius:100px;object-fit:cover;width:132px;height:auto\" srcset=\"https:\/\/faa.com.ar\/wp-content\/uploads\/2025\/03\/Andrea-frase-150x150.png 150w, https:\/\/faa.com.ar\/wp-content\/uploads\/2025\/03\/Andrea-frase-300x300.png 300w, https:\/\/faa.com.ar\/wp-content\/uploads\/2025\/03\/Andrea-frase-1024x1024.png 1024w, https:\/\/faa.com.ar\/wp-content\/uploads\/2025\/03\/Andrea-frase-768x768.png 768w, https:\/\/faa.com.ar\/wp-content\/uploads\/2025\/03\/Andrea-frase-1536x1536.png 1536w, https:\/\/faa.com.ar\/wp-content\/uploads\/2025\/03\/Andrea-frase-2048x2048.png 2048w, https:\/\/faa.com.ar\/wp-content\/uploads\/2025\/03\/Andrea-frase-200x200.png 200w\" sizes=\"auto, (max-width: 150px) 100vw, 150px\" \/><\/figure>\n\n\n\n<p class=\"has-text-align-center\" style=\"margin-top:var(--wp--preset--spacing--10);margin-bottom:0\">Andrea Luc\u00eda Sarnari<\/p>\n\n\n\n<p class=\"has-text-align-center has-contrast-3-color has-text-color has-small-font-size\" style=\"font-style:normal;font-weight:300\">Presidente FAA<\/p>\n<\/div>\n<\/div>\n<\/div>\n\n\n\n<p class=\"has-text-align-center has-large-font-size\">CONTACTANOS<\/p>\n\n\n\n<div class=\"wpcf7 no-js\" id=\"wpcf7-f245-o1\" lang=\"es-AR\" dir=\"ltr\" data-wpcf7-id=\"245\">\n<div class=\"screen-reader-response\"><p role=\"status\" aria-live=\"polite\" aria-atomic=\"true\"><\/p> <ul><\/ul><\/div>\n<form action=\"\/index.php\/wp-json\/wp\/v2\/pages\/36#wpcf7-f245-o1\" method=\"post\" class=\"wpcf7-form init\" aria-label=\"Formulario de contacto\" novalidate=\"novalidate\" data-status=\"init\">\n<fieldset class=\"hidden-fields-container\"><input type=\"hidden\" name=\"_wpcf7\" value=\"245\" \/><input type=\"hidden\" name=\"_wpcf7_version\" value=\"6.1.3\" \/><input type=\"hidden\" name=\"_wpcf7_locale\" value=\"es_AR\" \/><input type=\"hidden\" name=\"_wpcf7_unit_tag\" value=\"wpcf7-f245-o1\" \/><input type=\"hidden\" name=\"_wpcf7_container_post\" value=\"0\" \/><input type=\"hidden\" name=\"_wpcf7_posted_data_hash\" value=\"\" \/>\n<\/fieldset>\n<p><label> Tu nombre<br \/>\n<span class=\"wpcf7-form-control-wrap\" data-name=\"your-name\"><input size=\"40\" maxlength=\"400\" class=\"wpcf7-form-control wpcf7-text wpcf7-validates-as-required\" autocomplete=\"name\" aria-required=\"true\" aria-invalid=\"false\" value=\"\" type=\"text\" name=\"your-name\" \/><\/span> <\/label>\n<\/p>\n<p><label> Tu correo electr\u00f3nico<br \/>\n<span class=\"wpcf7-form-control-wrap\" data-name=\"your-email\"><input size=\"40\" maxlength=\"400\" class=\"wpcf7-form-control wpcf7-email wpcf7-validates-as-required wpcf7-text wpcf7-validates-as-email\" autocomplete=\"email\" aria-required=\"true\" aria-invalid=\"false\" value=\"\" type=\"email\" name=\"your-email\" \/><\/span> <\/label>\n<\/p>\n<p><label> Asunto<br \/>\n<span class=\"wpcf7-form-control-wrap\" data-name=\"your-subject\"><input size=\"40\" maxlength=\"400\" class=\"wpcf7-form-control wpcf7-text wpcf7-validates-as-required\" aria-required=\"true\" aria-invalid=\"false\" value=\"\" type=\"text\" name=\"your-subject\" \/><\/span> <\/label>\n<\/p>\n<p><label> Tu mensaje (opcional)<br \/>\n<span class=\"wpcf7-form-control-wrap\" data-name=\"your-message\"><textarea cols=\"40\" rows=\"10\" maxlength=\"2000\" class=\"wpcf7-form-control wpcf7-textarea\" aria-invalid=\"false\" name=\"your-message\"><\/textarea><\/span> <\/label>\n<\/p>\n<p><input class=\"wpcf7-form-control wpcf7-submit has-spinner\" type=\"submit\" value=\"Enviar\" \/>\n<\/p><div class=\"wpcf7-response-output\" aria-hidden=\"true\"><\/div>\n<\/form>\n<\/div>\n\n","protected":false},"excerpt":{"rendered":"<p>Federaci\u00f3n Agraria Argentina La Federaci\u00f3n Agraria Argentina es una entidad privada, de car\u00e1cter gremial y de servicios que por libre determinaci\u00f3n nuclea a peque\u00f1os y medianos productores. Su origen fue una declaraci\u00f3n de huelga de Arrendatarios y Aparceros que tuvo lugar en 1912 y que la historia recogi\u00f3 como \u201cGrito de Alcorta\u201d. DISTRITOS La Federaci\u00f3n [&hellip;]<\/p>\n","protected":false},"author":1,"featured_media":115,"parent":0,"menu_order":0,"comment_status":"closed","ping_status":"closed","template":"","meta":{"footnotes":""},"class_list":["post-36","page","type-page","status-publish","has-post-thumbnail","hentry"],"_links":{"self":[{"href":"https:\/\/faa.com.ar\/index.php\/wp-json\/wp\/v2\/pages\/36","targetHints":{"allow":["GET"]}}],"collection":[{"href":"https:\/\/faa.com.ar\/index.php\/wp-json\/wp\/v2\/pages"}],"about":[{"href":"https:\/\/faa.com.ar\/index.php\/wp-json\/wp\/v2\/types\/page"}],"author":[{"embeddable":true,"href":"https:\/\/faa.com.ar\/index.php\/wp-json\/wp\/v2\/users\/1"}],"replies":[{"embeddable":true,"href":"https:\/\/faa.com.ar\/index.php\/wp-json\/wp\/v2\/comments?post=36"}],"version-history":[{"count":24,"href":"https:\/\/faa.com.ar\/index.php\/wp-json\/wp\/v2\/pages\/36\/revisions"}],"predecessor-version":[{"id":246,"href":"https:\/\/faa.com.ar\/index.php\/wp-json\/wp\/v2\/pages\/36\/revisions\/246"}],"wp:featuredmedia":[{"embeddable":true,"href":"https:\/\/faa.com.ar\/index.php\/wp-json\/wp\/v2\/media\/115"}],"wp:attachment":[{"href":"https:\/\/faa.com.ar\/index.php\/wp-json\/wp\/v2\/media?parent=36"}],"curies":[{"name":"wp","href":"https:\/\/api.w.org\/{rel}","templated":true}]}}